{"id":28987,"date":"2026-02-19T13:44:06","date_gmt":"2026-02-19T12:44:06","guid":{"rendered":"https:\/\/orange-fashion.de\/?post_type=product&#038;p=28987"},"modified":"2026-04-02T10:15:37","modified_gmt":"2026-04-02T08:15:37","slug":"off-white-hoodie-gepraegt","status":"publish","type":"product","link":"https:\/\/orange-fashion.de\/en\/product\/off-white-hoodie-gepraegt\/","title":{"rendered":"Off-White Hoodie gepr\u00e4gt"},"content":{"rendered":"<p>The high-quality hoodie in the Power of Orange look.<\/p>\n<ul>\n<li>High-quality materials<\/li>\n<li><strong>Body-hugging fit: runs one size smaller (<a href=\"https:\/\/orange-fashion.de\/wp-content\/uploads\/2023\/06\/groessentabelle-pullover.pdf\" target=\"_blank\" rel=\"noopener\">Size chart<\/a>)<br \/>\n<\/strong><\/li>\n<li>Striking embroidered logo and emblems<\/li>\n<li>Set-in sleeves<\/li>\n<li>Hood with contrasting lining<\/li>\n<li>Round cord in the same color, metal cord ends<\/li>\n<li>Neck tape and inside of zipper with herringbone pattern<\/li>\n<li>Metal eyelets and zipper<\/li>\n<li>Double stitching at armholes, sleeve ends, and bottom hem<\/li>\n<li>K\u00e4ngurutasche mit breiter Doppelabsteppung<\/li>\n<\/ul>\n<p>Brushed sweatshirt , 85% combed ring-spun organic cotton , 15% recycled polyester , Pre-washed , Soft touch , 350 GSM<\/p>","protected":false},"excerpt":{"rendered":"<p>Der hochwertige Hoodie im Power of Orange Look. Hochwertige Materialien K\u00f6rperbetonte Passform: f\u00e4llt eine Gr\u00f6\u00dfe kleiner aus (Gr\u00f6\u00dfentabelle) Markantes Stick-Logo<\/p>","protected":false},"featured_media":29025,"template":"","meta":{"iawp_total_views":187},"product_brand":[],"product_cat":[84,85],"product_tag":[],"class_list":{"0":"post-28987","1":"product","2":"type-product","3":"status-publish","4":"has-post-thumbnail","6":"product_cat-bekleidung","7":"product_cat-pullover","9":"first","10":"instock","11":"taxable","12":"shipping-taxable","13":"purchasable","14":"product-type-variable"},"yoast_head":"<!-- This site is optimized with the Yoast SEO plugin v27.3 - https:\/\/yoast.com\/product\/yoast-seo-wordpress\/ -->\n<title>Off-White Hoodie gepr\u00e4gt - Orange Fashion Store<\/title>\n<meta name=\"description\" content=\"Orange Fashion Off-White Hoodie: K\u00f6rperbetont, aus Bio-Baumwolle &amp; recyceltem Polyester. Mit Power of Orange Stick-Logo, K\u00e4ngurutasche &amp; hochwertigen Details.\" \/>\n<meta name=\"robots\" content=\"index, follow, max-snippet:-1, max-image-preview:large, max-video-preview:-1\" \/>\n<link rel=\"canonical\" href=\"https:\/\/orange-fashion.de\/en\/product\/off-white-hoodie-gepraegt\/\" \/>\n<meta property=\"og:locale\" content=\"en_US\" \/>\n<meta property=\"og:type\" content=\"article\" \/>\n<meta property=\"og:title\" content=\"Off-White Hoodie gepr\u00e4gt - Orange Fashion Store\" \/>\n<meta property=\"og:description\" content=\"Orange Fashion Off-White Hoodie: K\u00f6rperbetont, aus Bio-Baumwolle &amp; recyceltem Polyester. Mit Power of Orange Stick-Logo, K\u00e4ngurutasche &amp; hochwertigen Details.\" \/>\n<meta property=\"og:url\" content=\"https:\/\/orange-fashion.de\/en\/product\/off-white-hoodie-gepraegt\/\" \/>\n<meta property=\"og:site_name\" content=\"Orange Fashion Store\" \/>\n<meta property=\"article:modified_time\" content=\"2026-04-02T08:15:37+00:00\" \/>\n<meta property=\"og:image\" content=\"https:\/\/orange-fashion.de\/wp-content\/uploads\/2026\/02\/Hoodie_weiss-front.webp\" \/>\n\t<meta property=\"og:image:width\" content=\"2560\" \/>\n\t<meta property=\"og:image:height\" content=\"2560\" \/>\n\t<meta property=\"og:image:type\" content=\"image\/webp\" \/>\n<meta name=\"twitter:card\" content=\"summary_large_image\" \/>\n<meta name=\"twitter:label1\" content=\"Est. reading time\" \/>\n\t<meta name=\"twitter:data1\" content=\"1 minute\" \/>\n<script type=\"application\/ld+json\" class=\"yoast-schema-graph\">{\"@context\":\"https:\\\/\\\/schema.org\",\"@graph\":[{\"@type\":\"WebPage\",\"@id\":\"https:\\\/\\\/orange-fashion.de\\\/produkt\\\/off-white-hoodie-gepraegt\\\/\",\"url\":\"https:\\\/\\\/orange-fashion.de\\\/produkt\\\/off-white-hoodie-gepraegt\\\/\",\"name\":\"Off-White Hoodie gepr\u00e4gt - Orange Fashion Store\",\"isPartOf\":{\"@id\":\"https:\\\/\\\/orange-fashion.de\\\/#website\"},\"primaryImageOfPage\":{\"@id\":\"https:\\\/\\\/orange-fashion.de\\\/produkt\\\/off-white-hoodie-gepraegt\\\/#primaryimage\"},\"image\":{\"@id\":\"https:\\\/\\\/orange-fashion.de\\\/produkt\\\/off-white-hoodie-gepraegt\\\/#primaryimage\"},\"thumbnailUrl\":\"https:\\\/\\\/orange-fashion.de\\\/wp-content\\\/uploads\\\/2026\\\/02\\\/Hoodie_weiss-front.webp\",\"datePublished\":\"2026-02-19T12:44:06+00:00\",\"dateModified\":\"2026-04-02T08:15:37+00:00\",\"description\":\"Orange Fashion Off-White Hoodie: K\u00f6rperbetont, aus Bio-Baumwolle & recyceltem Polyester. Mit Power of Orange Stick-Logo, K\u00e4ngurutasche & hochwertigen Details.\",\"breadcrumb\":{\"@id\":\"https:\\\/\\\/orange-fashion.de\\\/produkt\\\/off-white-hoodie-gepraegt\\\/#breadcrumb\"},\"inLanguage\":\"en-US\",\"potentialAction\":[{\"@type\":\"ReadAction\",\"target\":[\"https:\\\/\\\/orange-fashion.de\\\/produkt\\\/off-white-hoodie-gepraegt\\\/\"]}]},{\"@type\":\"ImageObject\",\"inLanguage\":\"en-US\",\"@id\":\"https:\\\/\\\/orange-fashion.de\\\/produkt\\\/off-white-hoodie-gepraegt\\\/#primaryimage\",\"url\":\"https:\\\/\\\/orange-fashion.de\\\/wp-content\\\/uploads\\\/2026\\\/02\\\/Hoodie_weiss-front.webp\",\"contentUrl\":\"https:\\\/\\\/orange-fashion.de\\\/wp-content\\\/uploads\\\/2026\\\/02\\\/Hoodie_weiss-front.webp\",\"width\":2560,\"height\":2560},{\"@type\":\"BreadcrumbList\",\"@id\":\"https:\\\/\\\/orange-fashion.de\\\/produkt\\\/off-white-hoodie-gepraegt\\\/#breadcrumb\",\"itemListElement\":[{\"@type\":\"ListItem\",\"position\":1,\"name\":\"Startseite\",\"item\":\"https:\\\/\\\/orange-fashion.de\\\/\"},{\"@type\":\"ListItem\",\"position\":2,\"name\":\"Shop\",\"item\":\"https:\\\/\\\/orange-fashion.de\\\/shop\\\/\"},{\"@type\":\"ListItem\",\"position\":3,\"name\":\"Off-White Hoodie gepr\u00e4gt\"}]},{\"@type\":\"WebSite\",\"@id\":\"https:\\\/\\\/orange-fashion.de\\\/#website\",\"url\":\"https:\\\/\\\/orange-fashion.de\\\/\",\"name\":\"Orange Fashion Store\",\"description\":\"\",\"potentialAction\":[{\"@type\":\"SearchAction\",\"target\":{\"@type\":\"EntryPoint\",\"urlTemplate\":\"https:\\\/\\\/orange-fashion.de\\\/?s={search_term_string}\"},\"query-input\":{\"@type\":\"PropertyValueSpecification\",\"valueRequired\":true,\"valueName\":\"search_term_string\"}}],\"inLanguage\":\"en-US\"}]}<\/script>\n<!-- \/ Yoast SEO plugin. -->","yoast_head_json":{"title":"Off-White Hoodie gepr\u00e4gt - Orange Fashion Store","description":"Orange Fashion Off-White Hoodie: K\u00f6rperbetont, aus Bio-Baumwolle & recyceltem Polyester. Mit Power of Orange Stick-Logo, K\u00e4ngurutasche & hochwertigen Details.","robots":{"index":"index","follow":"follow","max-snippet":"max-snippet:-1","max-image-preview":"max-image-preview:large","max-video-preview":"max-video-preview:-1"},"canonical":"https:\/\/orange-fashion.de\/en\/product\/off-white-hoodie-gepraegt\/","og_locale":"en_US","og_type":"article","og_title":"Off-White Hoodie gepr\u00e4gt - Orange Fashion Store","og_description":"Orange Fashion Off-White Hoodie: K\u00f6rperbetont, aus Bio-Baumwolle & recyceltem Polyester. Mit Power of Orange Stick-Logo, K\u00e4ngurutasche & hochwertigen Details.","og_url":"https:\/\/orange-fashion.de\/en\/product\/off-white-hoodie-gepraegt\/","og_site_name":"Orange Fashion Store","article_modified_time":"2026-04-02T08:15:37+00:00","og_image":[{"width":2560,"height":2560,"url":"https:\/\/orange-fashion.de\/wp-content\/uploads\/2026\/02\/Hoodie_weiss-front.webp","type":"image\/webp"}],"twitter_card":"summary_large_image","twitter_misc":{"Est. reading time":"1 minute"},"schema":{"@context":"https:\/\/schema.org","@graph":[{"@type":"WebPage","@id":"https:\/\/orange-fashion.de\/produkt\/off-white-hoodie-gepraegt\/","url":"https:\/\/orange-fashion.de\/produkt\/off-white-hoodie-gepraegt\/","name":"Off-White Hoodie gepr\u00e4gt - Orange Fashion Store","isPartOf":{"@id":"https:\/\/orange-fashion.de\/#website"},"primaryImageOfPage":{"@id":"https:\/\/orange-fashion.de\/produkt\/off-white-hoodie-gepraegt\/#primaryimage"},"image":{"@id":"https:\/\/orange-fashion.de\/produkt\/off-white-hoodie-gepraegt\/#primaryimage"},"thumbnailUrl":"https:\/\/orange-fashion.de\/wp-content\/uploads\/2026\/02\/Hoodie_weiss-front.webp","datePublished":"2026-02-19T12:44:06+00:00","dateModified":"2026-04-02T08:15:37+00:00","description":"Orange Fashion Off-White Hoodie: K\u00f6rperbetont, aus Bio-Baumwolle & recyceltem Polyester. Mit Power of Orange Stick-Logo, K\u00e4ngurutasche & hochwertigen Details.","breadcrumb":{"@id":"https:\/\/orange-fashion.de\/produkt\/off-white-hoodie-gepraegt\/#breadcrumb"},"inLanguage":"en-US","potentialAction":[{"@type":"ReadAction","target":["https:\/\/orange-fashion.de\/produkt\/off-white-hoodie-gepraegt\/"]}]},{"@type":"ImageObject","inLanguage":"en-US","@id":"https:\/\/orange-fashion.de\/produkt\/off-white-hoodie-gepraegt\/#primaryimage","url":"https:\/\/orange-fashion.de\/wp-content\/uploads\/2026\/02\/Hoodie_weiss-front.webp","contentUrl":"https:\/\/orange-fashion.de\/wp-content\/uploads\/2026\/02\/Hoodie_weiss-front.webp","width":2560,"height":2560},{"@type":"BreadcrumbList","@id":"https:\/\/orange-fashion.de\/produkt\/off-white-hoodie-gepraegt\/#breadcrumb","itemListElement":[{"@type":"ListItem","position":1,"name":"Startseite","item":"https:\/\/orange-fashion.de\/"},{"@type":"ListItem","position":2,"name":"Shop","item":"https:\/\/orange-fashion.de\/shop\/"},{"@type":"ListItem","position":3,"name":"Off-White Hoodie gepr\u00e4gt"}]},{"@type":"WebSite","@id":"https:\/\/orange-fashion.de\/#website","url":"https:\/\/orange-fashion.de\/","name":"Orange Fashion Store","description":"","potentialAction":[{"@type":"SearchAction","target":{"@type":"EntryPoint","urlTemplate":"https:\/\/orange-fashion.de\/?s={search_term_string}"},"query-input":{"@type":"PropertyValueSpecification","valueRequired":true,"valueName":"search_term_string"}}],"inLanguage":"en-US"}]}},"_links":{"self":[{"href":"https:\/\/orange-fashion.de\/en\/wp-json\/wp\/v2\/product\/28987","targetHints":{"allow":["GET"]}}],"collection":[{"href":"https:\/\/orange-fashion.de\/en\/wp-json\/wp\/v2\/product"}],"about":[{"href":"https:\/\/orange-fashion.de\/en\/wp-json\/wp\/v2\/types\/product"}],"version-history":[{"count":3,"href":"https:\/\/orange-fashion.de\/en\/wp-json\/wp\/v2\/product\/28987\/revisions"}],"predecessor-version":[{"id":29024,"href":"https:\/\/orange-fashion.de\/en\/wp-json\/wp\/v2\/product\/28987\/revisions\/29024"}],"wp:featuredmedia":[{"embeddable":true,"href":"https:\/\/orange-fashion.de\/en\/wp-json\/wp\/v2\/media\/29025"}],"wp:attachment":[{"href":"https:\/\/orange-fashion.de\/en\/wp-json\/wp\/v2\/media?parent=28987"}],"wp:term":[{"taxonomy":"product_brand","embeddable":true,"href":"https:\/\/orange-fashion.de\/en\/wp-json\/wp\/v2\/product_brand?post=28987"},{"taxonomy":"product_cat","embeddable":true,"href":"https:\/\/orange-fashion.de\/en\/wp-json\/wp\/v2\/product_cat?post=28987"},{"taxonomy":"product_tag","embeddable":true,"href":"https:\/\/orange-fashion.de\/en\/wp-json\/wp\/v2\/product_tag?post=28987"}],"curies":[{"name":"wp","href":"https:\/\/api.w.org\/{rel}","templated":true}]}}